{"id":22,"date":"2015-10-08T14:39:42","date_gmt":"2015-10-08T14:39:42","guid":{"rendered":"http:\/\/oportowebdesign.com\/trab\/?page_id=22"},"modified":"2025-12-05T01:29:07","modified_gmt":"2025-12-05T01:29:07","slug":"contactos","status":"publish","type":"page","link":"https:\/\/oportowebdesign.com\/en\/contactos\/","title":{"rendered":"Contact Us"},"content":{"rendered":"\t\t<div data-elementor-type=\"wp-page\" data-elementor-id=\"22\" class=\"elementor elementor-22\" data-elementor-post-type=\"page\">\n\t\t\t\t\t\t<section data-particle_enable=\"false\" data-particle-mobile-disabled=\"false\" class=\"elementor-section elementor-top-section elementor-element elementor-element-5eff062 elementor-section-boxed elementor-section-height-default elementor-section-height-default\" data-id=\"5eff062\" data-element_type=\"section\" data-e-type=\"section\">\n\t\t\t\t\t\t<div class=\"elementor-container elementor-column-gap-default\">\n\t\t\t\t\t<div class=\"elementor-column elementor-col-50 elementor-top-column elementor-element elementor-element-f0fab2a\" data-id=\"f0fab2a\" data-element_type=\"column\" data-e-type=\"column\">\n\t\t\t<div class=\"elementor-widget-wrap elementor-element-populated\">\n\t\t\t\t\t\t<div class=\"elementor-element elementor-element-e6a2009 elementor-widget elementor-widget-heading\" data-id=\"e6a2009\" data-element_type=\"widget\" data-e-type=\"widget\" data-widget_type=\"heading.default\">\n\t\t\t\t\t<h2 class=\"elementor-heading-title elementor-size-default\">Oporto Webdesign<\/h2>\t\t\t\t<\/div>\n\t\t\t\t<div class=\"elementor-element elementor-element-6570a37 elementor-widget elementor-widget-text-editor\" data-id=\"6570a37\" data-element_type=\"widget\" data-e-type=\"widget\" data-widget_type=\"text-editor.default\">\n\t\t\t\t\t\t\t\t\t<p><strong>Hor\u00e1rio:<\/strong> 10:00 \u00e0s 19:00<\/p><p><strong>Contactos:<\/strong><\/p><ul><li><strong>Servi\u00e7os Comerciais<\/strong><ul><li>Telefone: +351 912 322 024\u00a0 (Chamada para rede m\u00f3vel nacional)<\/li><li>Email: <a rel=\"noopener\">info@oportowebdesign.com<\/a><\/li><\/ul><\/li><li><strong>Servi\u00e7os Administrativos<\/strong><ul><li>Telefone: +351 223 168 907\u00a0 (Chamada para rede fixa nacional)<\/li><li>Telem\u00f3vel: +351 916 692 672\u00a0 (Chamada para rede m\u00f3vel nacional)<\/li><li>Email: <a rel=\"noopener\">geral@oportowebdesign.com<\/a><\/li><\/ul><\/li><\/ul><p><strong>Morada:<\/strong><br \/>\u00a0 \u00a0 \u00a0 \u00a0 \u00a0Rua Direita do Viso, 219<br \/>\u00a0 \u00a0 \u00a0 \u00a0 \u00a04250-198 Porto, Portugal<\/p>\t\t\t\t\t\t\t\t<\/div>\n\t\t\t\t\t<\/div>\n\t\t<\/div>\n\t\t\t\t<div class=\"elementor-column elementor-col-50 elementor-top-column elementor-element elementor-element-df2008b\" data-id=\"df2008b\" data-element_type=\"column\" data-e-type=\"column\">\n\t\t\t<div class=\"elementor-widget-wrap elementor-element-populated\">\n\t\t\t\t\t\t<div class=\"elementor-element elementor-element-87e0907 fluentform-widget-submit-button-custom elementor-widget elementor-widget-fluent-form-widget\" data-id=\"87e0907\" data-element_type=\"widget\" data-e-type=\"widget\" data-widget_type=\"fluent-form-widget.default\">\n\t\t\t\t<div class=\"elementor-widget-container\">\n\t\t\t\t\t\n            <div class=\"fluentform-widget-wrapper fluentform-widget-align-default\">\n\n            \n            <div class='fluentform ff-default fluentform_wrapper_3 ffs_default_wrap'><form data-form_id=\"3\" id=\"fluentform_3\" class=\"frm-fluent-form fluent_form_3 ff-el-form-top ff_form_instance_3_1 ff-form-loading ffs_default\" data-form_instance=\"ff_form_instance_3_1\" method=\"POST\" ><fieldset  style=\"border: none!important;margin: 0!important;padding: 0!important;background-color: transparent!important;box-shadow: none!important;outline: none!important; min-inline-size: 100%;\">\n                    <legend class=\"ff_screen_reader_title\" style=\"display: block; margin: 0!important;padding: 0!important;height: 0!important;text-indent: -999999px;width: 0!important;overflow:hidden;\">Formul\u00e1rio de Contacto<\/legend><p style=\"display: none !important;\" class=\"akismet-fields-container\" data-prefix=\"ak_\"><label>&#916;<textarea name=\"ak_hp_textarea\" cols=\"45\" rows=\"8\" maxlength=\"100\"><\/textarea><\/label><input type=\"hidden\" id=\"ak_js_1\" name=\"ak_js\" value=\"45\"\/><script>document.getElementById( \"ak_js_1\" ).setAttribute( \"value\", ( new Date() ).getTime() );<\/script><\/p><input type='hidden' name='__fluent_form_embded_post_id' value='22' \/><input type=\"hidden\" id=\"_fluentform_3_fluentformnonce\" name=\"_fluentform_3_fluentformnonce\" value=\"5248501117\" \/><input type=\"hidden\" name=\"_wp_http_referer\" value=\"\/en\/wp-json\/wp\/v2\/pages\/22\" \/><div data-type=\"name-element\" data-name=\"names\" class=\" ff-field_container ff-name-field-wrapper\" ><div class='ff-t-container'><div class='ff-t-cell '><div class='ff-el-group'><div class=\"ff-el-input--label ff-el-is-required asterisk-right\"><label for='ff_3_names_first_name_' id='label_ff_3_names_first_name_' >Nome<\/label><\/div><div class='ff-el-input--content'><input type=\"text\" name=\"names[first_name]\" id=\"ff_3_names_first_name_\" class=\"ff-el-form-control\" placeholder=\"Nome\" aria-invalid=\"false\" aria-required=true><\/div><\/div><\/div><\/div><\/div><div data-name=\"ff_cn_id_1\"  class='ff-t-container ff-column-container ff_columns_total_2 '><div class='ff-t-cell ff-t-column-1' style='flex-basis: 50%;'><div class='ff-el-group'><div class=\"ff-el-input--label ff-el-is-required asterisk-right\"><label for='ff_3_email' id='label_ff_3_email' aria-label=\"Email\">Email<\/label><\/div><div class='ff-el-input--content'><input type=\"email\" name=\"email\" id=\"ff_3_email\" class=\"ff-el-form-control\" placeholder=\"Email Address\" data-name=\"email\"  aria-invalid=\"false\" aria-required=true><\/div><\/div><\/div><div class='ff-t-cell ff-t-column-2' style='flex-basis: 50%;'><div class='ff-el-group'><div class=\"ff-el-input--label ff-el-is-required asterisk-right\"><label for='ff_3_input_mask' id='label_ff_3_input_mask' aria-label=\"Telefone\">Telefone<\/label><\/div><div class='ff-el-input--content'><input type=\"text\" name=\"input_mask\" data-mask=\"+351 999 999 999\" class=\"ff-el-form-control\" placeholder=\"Telefone\" data-name=\"input_mask\" id=\"ff_3_input_mask\"  aria-invalid=\"false\" aria-required=true><\/div><\/div><\/div><\/div><div class='ff-el-group'><div class=\"ff-el-input--label ff-el-is-required asterisk-right\"><label for='ff_3_subject' id='label_ff_3_subject' aria-label=\"Assunto\">Assunto<\/label><\/div><div class='ff-el-input--content'><input type=\"text\" name=\"subject\" class=\"ff-el-form-control\" placeholder=\"Assunto\" data-name=\"subject\" id=\"ff_3_subject\"  aria-invalid=\"false\" aria-required=true><\/div><\/div><div class='ff-el-group'><div class=\"ff-el-input--label ff-el-is-required asterisk-right\"><label for='ff_3_message' id='label_ff_3_message' aria-label=\"Mensagem\">Mensagem<\/label><\/div><div class='ff-el-input--content'><textarea aria-required=\"true\" aria-labelledby=\"label_ff_3_message\" name=\"message\" id=\"ff_3_message\" class=\"ff-el-form-control\" placeholder=\"Mensagem\" rows=\"4\" cols=\"2\" data-name=\"message\" ><\/textarea><\/div><\/div><div data-name=\"ff_cn_id_2\"  class='ff-t-container ff-column-container ff_columns_total_2 '><div class='ff-t-cell ff-t-column-1' style='flex-basis: 50%;'><div class='ff-el-group'><div class=\"ff-el-input--label ff-el-is-required asterisk-right\"><label   aria-label=\"Consentimento GDPR\">Consentimento GDPR<\/label><\/div><div class='ff-el-input--content'><div class='ff-el-form-check ff-el-form-check-'><label class='ff-el-form-check-label' for='consentimento_gdpr_97789836cc7dc51cfb109125a805b8f5'><input  type=\"checkbox\" name=\"consentimento_gdpr[]\" data-name=\"consentimento_gdpr\" class=\"ff-el-form-check-input ff-el-form-check-checkbox\" value=\"Autorizo o tratamento dos meus dados pessoais para efeitos de resposta ao meu contacto, de acordo com a Pol\u00edtica de Privacidade.\"  id='consentimento_gdpr_97789836cc7dc51cfb109125a805b8f5' aria-label='Autorizo o tratamento dos meus dados pessoais para efeitos de resposta ao meu contacto, de acordo com a Pol\u00edtica de Privacidade.' aria-invalid='false' aria-required=true> <span>Autorizo o tratamento dos meus dados pessoais para efeitos de resposta ao meu contacto, de acordo com a Pol\u00edtica de Privacidade.<\/span><\/label><\/div><\/div><\/div><\/div><div class='ff-t-cell ff-t-column-2' style='flex-basis: 50%;'><\/div><\/div><div class='ff-el-group ' ><div class='ff-el-input--content'><div data-fluent_id='3' name='g-recaptcha-response'><div\n\t\tdata-sitekey='6LfGq6oqAAAAAGbHmX26cs6MumYdXBXnbUK23yqt'\n\t\tid='fluentform-recaptcha-3-1'\n\t\tclass='ff-el-recaptcha g-recaptcha'\n\t\tdata-callback='fluentFormrecaptchaSuccessCallback'><\/div><\/div><\/div><\/div><div class='ff-el-group ff-text-left ff_submit_btn_wrapper'><button type=\"submit\" class=\"ff-btn ff-btn-submit ff-btn-md ff_btn_style wpf_has_custom_css\"  aria-label=\"Enviar\">Enviar<\/button><\/div><\/fieldset><\/form><div id='fluentform_3_errors' class='ff-errors-in-stack ff_form_instance_3_1 ff-form-loading_errors ff_form_instance_3_1_errors'><\/div><\/div>            <script type=\"text\/javascript\">\n                window.fluent_form_ff_form_instance_3_1 = {\"id\":\"3\",\"settings\":{\"layout\":{\"labelPlacement\":\"top\",\"helpMessagePlacement\":\"with_label\",\"errorMessagePlacement\":\"inline\",\"cssClassName\":\"\",\"asteriskPlacement\":\"asterisk-right\"},\"restrictions\":{\"denyEmptySubmission\":{\"enabled\":false}}},\"form_instance\":\"ff_form_instance_3_1\",\"form_id_selector\":\"fluentform_3\",\"rules\":{\"names[first_name]\":{\"required\":{\"value\":true,\"message\":\"Campo obrigat\\u00f3rio\",\"global\":false,\"global_message\":\"Este campo \\u00e9 obrigat\\u00f3rio\"}},\"names[middle_name]\":{\"required\":{\"value\":false,\"message\":\"This field is required\",\"global\":false,\"global_message\":\"Este campo \\u00e9 obrigat\\u00f3rio\"}},\"names[last_name]\":{\"required\":{\"value\":false,\"message\":\"This field is required\",\"global\":false,\"global_message\":\"Este campo \\u00e9 obrigat\\u00f3rio\"}},\"email\":{\"required\":{\"value\":true,\"message\":\"This field is required\",\"global\":false,\"global_message\":\"Este campo \\u00e9 obrigat\\u00f3rio\"},\"email\":{\"value\":true,\"message\":\"This field must contain a valid email\",\"global\":false,\"global_message\":\"Este campo deve conter um e-mail v\\u00e1lido\"}},\"input_mask\":{\"required\":{\"value\":true,\"message\":\"This field is required\",\"global_message\":\"Este campo \\u00e9 obrigat\\u00f3rio\",\"global\":false}},\"subject\":{\"required\":{\"value\":true,\"message\":\"Campo obrigat\\u00f3rio\",\"global\":false,\"global_message\":\"Este campo \\u00e9 obrigat\\u00f3rio\"}},\"message\":{\"required\":{\"value\":true,\"message\":\"Campo Obrigat\\u00f3rio\",\"global\":false,\"global_message\":\"Este campo \\u00e9 obrigat\\u00f3rio\"}},\"consentimento_gdpr\":{\"required\":{\"value\":true,\"message\":\"Deve aceitar a nossa politica de privacidade\",\"global_message\":\"Este campo \\u00e9 obrigat\\u00f3rio\",\"global\":false}}},\"debounce_time\":300};\n                            <\/script>\n                        <\/div>\n\n            \t\t\t\t<\/div>\n\t\t\t\t<\/div>\n\t\t\t\t\t<\/div>\n\t\t<\/div>\n\t\t\t\t\t<\/div>\n\t\t<\/section>\n\t\t\t\t<section data-particle_enable=\"false\" data-particle-mobile-disabled=\"false\" class=\"elementor-section elementor-top-section elementor-element elementor-element-a3eb330 elementor-section-full_width elementor-section-stretched elementor-section-height-default elementor-section-height-default\" data-id=\"a3eb330\" data-element_type=\"section\" data-e-type=\"section\" data-settings=\"{&quot;stretch_section&quot;:&quot;section-stretched&quot;}\">\n\t\t\t\t\t\t<div class=\"elementor-container elementor-column-gap-default\">\n\t\t\t\t\t<div class=\"elementor-column elementor-col-100 elementor-top-column elementor-element elementor-element-ba0c9e7\" data-id=\"ba0c9e7\" data-element_type=\"column\" data-e-type=\"column\">\n\t\t\t<div class=\"elementor-widget-wrap elementor-element-populated\">\n\t\t\t\t\t\t<div class=\"elementor-element elementor-element-60aa780 elementor-widget elementor-widget-html\" data-id=\"60aa780\" data-element_type=\"widget\" data-e-type=\"widget\" data-widget_type=\"html.default\">\n\t\t\t\t\t<iframe src=\"https:\/\/www.google.com\/maps\/embed?pb=!1m18!1m12!1m3!1d1502.1703306256143!2d-8.644064599803139!3d41.17865180326254!2m3!1f0!2f0!3f0!3m2!1i1024!2i768!4f13.1!3m3!1m2!1s0xd2465eb7af82893%3A0x66067d31b98c7749!2sOporto%20Webdesign!5e0!3m2!1spt-PT!2sus!4v1736276229432!5m2!1spt-PT!2sus\" width=\"10%\" height=\"500\" style=\"border:0;\" allowfullscreen=\"\" loading=\"lazy\" referrerpolicy=\"no-referrer-when-downgrade\"><\/iframe>\t\t\t\t<\/div>\n\t\t\t\t\t<\/div>\n\t\t<\/div>\n\t\t\t\t\t<\/div>\n\t\t<\/section>\n\t\t\t\t<\/div>\n\t\t","protected":false},"excerpt":{"rendered":"<p>Oporto Webdesign Hor\u00e1rio: 10:00 \u00e0s 19:00 Contactos: Servi\u00e7os Comerciais Telefone: +351 912 322 024\u00a0 (Chamada para rede m\u00f3vel nacional) Email: info@oportowebdesign.com Servi\u00e7os Administrativos Telefone: +351 223 168 907\u00a0 (Chamada para rede fixa nacional) Telem\u00f3vel: +351 916 692 672\u00a0 (Chamada para rede m\u00f3vel nacional) Email: geral@oportowebdesign.com Morada:\u00a0 \u00a0 \u00a0 \u00a0 \u00a0Rua Direita do Viso, 219\u00a0 \u00a0 [&hellip;]<\/p>\n","protected":false},"author":1,"featured_media":5532,"parent":0,"menu_order":0,"comment_status":"closed","ping_status":"closed","template":"elementor_header_footer","meta":{"ocean_post_layout":"","ocean_both_sidebars_style":"","ocean_both_sidebars_content_width":0,"ocean_both_sidebars_sidebars_width":0,"ocean_sidebar":"","ocean_second_sidebar":"","ocean_disable_margins":"enable","ocean_add_body_class":"","ocean_shortcode_before_top_bar":"","ocean_shortcode_after_top_bar":"","ocean_shortcode_before_header":"","ocean_shortcode_after_header":"","ocean_has_shortcode":"","ocean_shortcode_after_title":"","ocean_shortcode_before_footer_widgets":"","ocean_shortcode_after_footer_widgets":"","ocean_shortcode_before_footer_bottom":"","ocean_shortcode_after_footer_bottom":"","ocean_display_top_bar":"default","ocean_display_header":"default","ocean_header_style":"","ocean_center_header_left_menu":"","ocean_custom_header_template":"","ocean_custom_logo":0,"ocean_custom_retina_logo":0,"ocean_custom_logo_max_width":0,"ocean_custom_logo_tablet_max_width":0,"ocean_custom_logo_mobile_max_width":0,"ocean_custom_logo_max_height":0,"ocean_custom_logo_tablet_max_height":0,"ocean_custom_logo_mobile_max_height":0,"ocean_header_custom_menu":"","ocean_menu_typo_font_family":"","ocean_menu_typo_font_subset":"","ocean_menu_typo_font_size":0,"ocean_menu_typo_font_size_tablet":0,"ocean_menu_typo_font_size_mobile":0,"ocean_menu_typo_font_size_unit":"px","ocean_menu_typo_font_weight":"","ocean_menu_typo_font_weight_tablet":"","ocean_menu_typo_font_weight_mobile":"","ocean_menu_typo_transform":"","ocean_menu_typo_transform_tablet":"","ocean_menu_typo_transform_mobile":"","ocean_menu_typo_line_height":0,"ocean_menu_typo_line_height_tablet":0,"ocean_menu_typo_line_height_mobile":0,"ocean_menu_typo_line_height_unit":"","ocean_menu_typo_spacing":0,"ocean_menu_typo_spacing_tablet":0,"ocean_menu_typo_spacing_mobile":0,"ocean_menu_typo_spacing_unit":"","ocean_menu_link_color":"","ocean_menu_link_color_hover":"","ocean_menu_link_color_active":"","ocean_menu_link_background":"","ocean_menu_link_hover_background":"","ocean_menu_link_active_background":"","ocean_menu_social_links_bg":"","ocean_menu_social_hover_links_bg":"","ocean_menu_social_links_color":"","ocean_menu_social_hover_links_color":"","ocean_disable_title":"default","ocean_disable_heading":"default","ocean_post_title":"","ocean_post_subheading":"","ocean_post_title_style":"background-image","ocean_post_title_background_color":"","ocean_post_title_background":5532,"ocean_post_title_bg_image_position":"center center","ocean_post_title_bg_image_attachment":"","ocean_post_title_bg_image_repeat":"","ocean_post_title_bg_image_size":"","ocean_post_title_height":0,"ocean_post_title_bg_overlay":0.3,"ocean_post_title_bg_overlay_color":"","ocean_disable_breadcrumbs":"default","ocean_breadcrumbs_color":"","ocean_breadcrumbs_separator_color":"","ocean_breadcrumbs_links_color":"","ocean_breadcrumbs_links_hover_color":"","ocean_display_footer_widgets":"default","ocean_display_footer_bottom":"default","ocean_custom_footer_template":"","footnotes":""},"class_list":["post-22","page","type-page","status-publish","has-post-thumbnail","hentry","entry","has-media"],"yoast_head":"<!-- This site is optimized with the Yoast SEO plugin v27.3 - https:\/\/yoast.com\/product\/yoast-seo-wordpress\/ -->\n<title>Contactos - Oporto Web Design<\/title>\n<meta name=\"description\" content=\"Entre em contacto com a Oporto Web Design. Estamos prontos para responder \u00e0s suas quest\u00f5es e ajud\u00e1-lo a desenvolver o seu projeto digital.\" \/>\n<meta name=\"robots\" content=\"index, follow, max-snippet:-1, max-image-preview:large, max-video-preview:-1\" \/>\n<link rel=\"canonical\" href=\"https:\/\/oportowebdesign.com\/en\/contactos\/\" \/>\n<meta property=\"og:locale\" content=\"en_GB\" \/>\n<meta property=\"og:type\" content=\"article\" \/>\n<meta property=\"og:title\" content=\"Contactos - Oporto Web Design\" \/>\n<meta property=\"og:description\" content=\"Entre em contacto com a Oporto Web Design. Estamos prontos para responder \u00e0s suas quest\u00f5es e ajud\u00e1-lo a desenvolver o seu projeto digital.\" \/>\n<meta property=\"og:url\" content=\"https:\/\/oportowebdesign.com\/en\/contactos\/\" \/>\n<meta property=\"og:site_name\" content=\"Oporto Webdesign - Cria\u00e7\u00e3o Websites\" \/>\n<meta property=\"article:publisher\" content=\"https:\/\/www.facebook.com\/oportowebdesign\" \/>\n<meta property=\"article:modified_time\" content=\"2025-12-05T01:29:07+00:00\" \/>\n<meta property=\"og:image\" content=\"https:\/\/oportowebdesign.com\/wp-content\/uploads\/2024\/03\/contacts-scaled.jpg\" \/>\n\t<meta property=\"og:image:width\" content=\"2560\" \/>\n\t<meta property=\"og:image:height\" content=\"793\" \/>\n\t<meta property=\"og:image:type\" content=\"image\/jpeg\" \/>\n<meta name=\"twitter:card\" content=\"summary_large_image\" \/>\n<meta name=\"twitter:label1\" content=\"Estimated reading time\" \/>\n\t<meta name=\"twitter:data1\" content=\"1 minute\" \/>\n<script type=\"application\/ld+json\" class=\"yoast-schema-graph\">{\"@context\":\"https:\\\/\\\/schema.org\",\"@graph\":[{\"@type\":\"WebPage\",\"@id\":\"https:\\\/\\\/oportowebdesign.com\\\/contactos\\\/\",\"url\":\"https:\\\/\\\/oportowebdesign.com\\\/contactos\\\/\",\"name\":\"Contactos - Oporto Web Design\",\"isPartOf\":{\"@id\":\"https:\\\/\\\/oportowebdesign.com\\\/#website\"},\"primaryImageOfPage\":{\"@id\":\"https:\\\/\\\/oportowebdesign.com\\\/contactos\\\/#primaryimage\"},\"image\":{\"@id\":\"https:\\\/\\\/oportowebdesign.com\\\/contactos\\\/#primaryimage\"},\"thumbnailUrl\":\"https:\\\/\\\/oportowebdesign.com\\\/wp-content\\\/uploads\\\/2024\\\/03\\\/contacts-scaled.jpg\",\"datePublished\":\"2015-10-08T14:39:42+00:00\",\"dateModified\":\"2025-12-05T01:29:07+00:00\",\"description\":\"Entre em contacto com a Oporto Web Design. Estamos prontos para responder \u00e0s suas quest\u00f5es e ajud\u00e1-lo a desenvolver o seu projeto digital.\",\"breadcrumb\":{\"@id\":\"https:\\\/\\\/oportowebdesign.com\\\/contactos\\\/#breadcrumb\"},\"inLanguage\":\"en-GB\",\"potentialAction\":[{\"@type\":\"ReadAction\",\"target\":[\"https:\\\/\\\/oportowebdesign.com\\\/contactos\\\/\"]}]},{\"@type\":\"ImageObject\",\"inLanguage\":\"en-GB\",\"@id\":\"https:\\\/\\\/oportowebdesign.com\\\/contactos\\\/#primaryimage\",\"url\":\"https:\\\/\\\/oportowebdesign.com\\\/wp-content\\\/uploads\\\/2024\\\/03\\\/contacts-scaled.jpg\",\"contentUrl\":\"https:\\\/\\\/oportowebdesign.com\\\/wp-content\\\/uploads\\\/2024\\\/03\\\/contacts-scaled.jpg\",\"width\":2560,\"height\":793},{\"@type\":\"BreadcrumbList\",\"@id\":\"https:\\\/\\\/oportowebdesign.com\\\/contactos\\\/#breadcrumb\",\"itemListElement\":[{\"@type\":\"ListItem\",\"position\":1,\"name\":\"In\u00edcio\",\"item\":\"https:\\\/\\\/oportowebdesign.com\\\/\"},{\"@type\":\"ListItem\",\"position\":2,\"name\":\"Contactos\"}]},{\"@type\":\"WebSite\",\"@id\":\"https:\\\/\\\/oportowebdesign.com\\\/#website\",\"url\":\"https:\\\/\\\/oportowebdesign.com\\\/\",\"name\":\"Oporto Webdesign\",\"description\":\"Criamos websites modernos e eficazes. Especialistas em web design, otimiza\u00e7\u00e3o e manuten\u00e7\u00e3o de sites para empresas que procuram resultados online.\",\"publisher\":{\"@id\":\"https:\\\/\\\/oportowebdesign.com\\\/#organization\"},\"potentialAction\":[{\"@type\":\"SearchAction\",\"target\":{\"@type\":\"EntryPoint\",\"urlTemplate\":\"https:\\\/\\\/oportowebdesign.com\\\/?s={search_term_string}\"},\"query-input\":{\"@type\":\"PropertyValueSpecification\",\"valueRequired\":true,\"valueName\":\"search_term_string\"}}],\"inLanguage\":\"en-GB\"},{\"@type\":\"Organization\",\"@id\":\"https:\\\/\\\/oportowebdesign.com\\\/#organization\",\"name\":\"Oporto Webdesign\",\"alternateName\":\"OportoWebdesign\",\"url\":\"https:\\\/\\\/oportowebdesign.com\\\/\",\"logo\":{\"@type\":\"ImageObject\",\"inLanguage\":\"en-GB\",\"@id\":\"https:\\\/\\\/oportowebdesign.com\\\/#\\\/schema\\\/logo\\\/image\\\/\",\"url\":\"https:\\\/\\\/oportowebdesign.com\\\/wp-content\\\/uploads\\\/2023\\\/10\\\/cropped-logo-512x512-em-V.png\",\"contentUrl\":\"https:\\\/\\\/oportowebdesign.com\\\/wp-content\\\/uploads\\\/2023\\\/10\\\/cropped-logo-512x512-em-V.png\",\"width\":512,\"height\":289,\"caption\":\"Oporto Webdesign\"},\"image\":{\"@id\":\"https:\\\/\\\/oportowebdesign.com\\\/#\\\/schema\\\/logo\\\/image\\\/\"},\"sameAs\":[\"https:\\\/\\\/www.facebook.com\\\/oportowebdesign\"]}]}<\/script>\n<!-- \/ Yoast SEO plugin. -->","yoast_head_json":{"title":"Contacts - Oporto Web Design","description":"Get in touch with Oporto Web Design. We are ready to answer your questions and help you develop your digital project.","robots":{"index":"index","follow":"follow","max-snippet":"max-snippet:-1","max-image-preview":"max-image-preview:large","max-video-preview":"max-video-preview:-1"},"canonical":"https:\/\/oportowebdesign.com\/en\/contactos\/","og_locale":"en_GB","og_type":"article","og_title":"Contactos - Oporto Web Design","og_description":"Entre em contacto com a Oporto Web Design. Estamos prontos para responder \u00e0s suas quest\u00f5es e ajud\u00e1-lo a desenvolver o seu projeto digital.","og_url":"https:\/\/oportowebdesign.com\/en\/contactos\/","og_site_name":"Oporto Webdesign - Cria\u00e7\u00e3o Websites","article_publisher":"https:\/\/www.facebook.com\/oportowebdesign","article_modified_time":"2025-12-05T01:29:07+00:00","og_image":[{"width":2560,"height":793,"url":"https:\/\/oportowebdesign.com\/wp-content\/uploads\/2024\/03\/contacts-scaled.jpg","type":"image\/jpeg"}],"twitter_card":"summary_large_image","twitter_misc":{"Estimated reading time":"1 minute"},"schema":{"@context":"https:\/\/schema.org","@graph":[{"@type":"WebPage","@id":"https:\/\/oportowebdesign.com\/contactos\/","url":"https:\/\/oportowebdesign.com\/contactos\/","name":"Contacts - Oporto Web Design","isPartOf":{"@id":"https:\/\/oportowebdesign.com\/#website"},"primaryImageOfPage":{"@id":"https:\/\/oportowebdesign.com\/contactos\/#primaryimage"},"image":{"@id":"https:\/\/oportowebdesign.com\/contactos\/#primaryimage"},"thumbnailUrl":"https:\/\/oportowebdesign.com\/wp-content\/uploads\/2024\/03\/contacts-scaled.jpg","datePublished":"2015-10-08T14:39:42+00:00","dateModified":"2025-12-05T01:29:07+00:00","description":"Get in touch with Oporto Web Design. We are ready to answer your questions and help you develop your digital project.","breadcrumb":{"@id":"https:\/\/oportowebdesign.com\/contactos\/#breadcrumb"},"inLanguage":"en-GB","potentialAction":[{"@type":"ReadAction","target":["https:\/\/oportowebdesign.com\/contactos\/"]}]},{"@type":"ImageObject","inLanguage":"en-GB","@id":"https:\/\/oportowebdesign.com\/contactos\/#primaryimage","url":"https:\/\/oportowebdesign.com\/wp-content\/uploads\/2024\/03\/contacts-scaled.jpg","contentUrl":"https:\/\/oportowebdesign.com\/wp-content\/uploads\/2024\/03\/contacts-scaled.jpg","width":2560,"height":793},{"@type":"BreadcrumbList","@id":"https:\/\/oportowebdesign.com\/contactos\/#breadcrumb","itemListElement":[{"@type":"ListItem","position":1,"name":"In\u00edcio","item":"https:\/\/oportowebdesign.com\/"},{"@type":"ListItem","position":2,"name":"Contactos"}]},{"@type":"WebSite","@id":"https:\/\/oportowebdesign.com\/#website","url":"https:\/\/oportowebdesign.com\/","name":"Oporto Webdesign","description":"We create modern and effective websites. Specialists in web design, optimization and website maintenance for companies looking for results online.","publisher":{"@id":"https:\/\/oportowebdesign.com\/#organization"},"potentialAction":[{"@type":"SearchAction","target":{"@type":"EntryPoint","urlTemplate":"https:\/\/oportowebdesign.com\/?s={search_term_string}"},"query-input":{"@type":"PropertyValueSpecification","valueRequired":true,"valueName":"search_term_string"}}],"inLanguage":"en-GB"},{"@type":"Organization","@id":"https:\/\/oportowebdesign.com\/#organization","name":"Oporto Webdesign","alternateName":"OportoWebdesign","url":"https:\/\/oportowebdesign.com\/","logo":{"@type":"ImageObject","inLanguage":"en-GB","@id":"https:\/\/oportowebdesign.com\/#\/schema\/logo\/image\/","url":"https:\/\/oportowebdesign.com\/wp-content\/uploads\/2023\/10\/cropped-logo-512x512-em-V.png","contentUrl":"https:\/\/oportowebdesign.com\/wp-content\/uploads\/2023\/10\/cropped-logo-512x512-em-V.png","width":512,"height":289,"caption":"Oporto Webdesign"},"image":{"@id":"https:\/\/oportowebdesign.com\/#\/schema\/logo\/image\/"},"sameAs":["https:\/\/www.facebook.com\/oportowebdesign"]}]}},"_links":{"self":[{"href":"https:\/\/oportowebdesign.com\/en\/wp-json\/wp\/v2\/pages\/22","targetHints":{"allow":["GET"]}}],"collection":[{"href":"https:\/\/oportowebdesign.com\/en\/wp-json\/wp\/v2\/pages"}],"about":[{"href":"https:\/\/oportowebdesign.com\/en\/wp-json\/wp\/v2\/types\/page"}],"author":[{"embeddable":true,"href":"https:\/\/oportowebdesign.com\/en\/wp-json\/wp\/v2\/users\/1"}],"replies":[{"embeddable":true,"href":"https:\/\/oportowebdesign.com\/en\/wp-json\/wp\/v2\/comments?post=22"}],"version-history":[{"count":0,"href":"https:\/\/oportowebdesign.com\/en\/wp-json\/wp\/v2\/pages\/22\/revisions"}],"wp:featuredmedia":[{"embeddable":true,"href":"https:\/\/oportowebdesign.com\/en\/wp-json\/wp\/v2\/media\/5532"}],"wp:attachment":[{"href":"https:\/\/oportowebdesign.com\/en\/wp-json\/wp\/v2\/media?parent=22"}],"curies":[{"name":"wp","href":"https:\/\/api.w.org\/{rel}","templated":true}]}}