{"id":5845,"date":"2024-08-08T17:29:50","date_gmt":"2024-08-08T17:29:50","guid":{"rendered":"https:\/\/oportowebdesign.com\/?page_id=5845"},"modified":"2024-10-17T13:57:10","modified_gmt":"2024-10-17T13:57:10","slug":"politica-de-cookies","status":"publish","type":"page","link":"https:\/\/oportowebdesign.com\/en\/politica-de-cookies\/","title":{"rendered":"Cookies Policy"},"content":{"rendered":"<div data-elementor-type=\"wp-page\" data-elementor-id=\"5845\" class=\"elementor elementor-5845\" data-elementor-post-type=\"page\">\n\t\t\t\t\t\t<section data-particle_enable=\"false\" data-particle-mobile-disabled=\"false\" class=\"elementor-section elementor-top-section elementor-element elementor-element-167f37b1 elementor-section-boxed elementor-section-height-default elementor-section-height-default\" data-id=\"167f37b1\" data-element_type=\"section\" data-e-type=\"section\">\n\t\t\t\t\t\t<div class=\"elementor-container elementor-column-gap-default\">\n\t\t\t\t\t<div class=\"elementor-column elementor-col-100 elementor-top-column elementor-element elementor-element-4eb9bf04\" data-id=\"4eb9bf04\" data-element_type=\"column\" data-e-type=\"column\">\n\t\t\t<div class=\"elementor-widget-wrap elementor-element-populated\">\n\t\t\t\t\t\t<div class=\"elementor-element elementor-element-7abcee53 elementor-widget__width-initial elementor-widget elementor-widget-text-editor\" data-id=\"7abcee53\" data-element_type=\"widget\" data-e-type=\"widget\" data-widget_type=\"text-editor.default\">\n\t\t\t\t\t\t\t\t\t<div class=\"cli_pg_page_container\"><h1><strong>About the Cookies Policy<\/strong><\/h1><p>This Cookie Policy explains what cookies are, how we use them, the types of cookies we use, the information we collect through them and how that information is used. We also describe how you can control your cookie preferences. For more information on how we use, store and keep your personal data secure, see our Privacy Policy. You can change or withdraw your consent to the use of cookies at any time directly on our website.<\/p><p>Learn more about who we are, how you can contact us and how we process your personal data in our Privacy Policy. Your consent applies to the following domains: oportowebdesign.com.<\/p><h3>What are Cookies?<\/h3><p>Cookies are small text files that store small amounts of information. Your browser stores these files on your device when the website is loaded. These cookies ensure that the website functions properly. In addition, they help to make the website more secure, improve the user experience and understand how the website performs. With this analysis, we can identify where we need to improve.<\/p><h3>How do we use cookies?<\/h3><p>As with most online services, our website uses first-party and third-party cookies for different purposes. First-party cookies are essential for the website to function correctly and do not collect any personally identifiable data.<\/p><p>On the other hand, third-party cookies help us understand how the website performs, analyze how you interact with it, and ensure the security of our services. They also allow us to provide you with advertisements that are relevant to you. In short, they improve your user experience and speed up your future interactions with the website.<\/p><h3>What types of cookies do we use?<\/h3><p><strong>Essentials<\/strong>: These cookies are necessary for you to be able to use all the features of the website. For example, they allow us to keep user sessions secure, without collecting personal data. Thanks to these cookies, you can log into your account, add products to your cart and complete purchases in complete security.<\/p><p><strong>Statistics<\/strong>: These cookies store information such as the number of visitors, the most visited pages and the origin of the visits. Based on this data, we can optimize the performance of the website and understand where we need to make improvements.<\/p><p><strong>Marketing<\/strong>: We use marketing cookies to personalize the ads you see, making them more relevant to you. They also help us monitor the effectiveness of advertising campaigns. Third-party ad providers may also use this information to show you ads on other websites.<\/p><p><strong>Functional<\/strong>: These cookies support non-essential website functionality. These include, for example, embedding videos or sharing content on social media.<\/p><p><strong>Preferences<\/strong>: These cookies save your settings and browsing preferences, such as language, so that you have a more personalized experience on future visits.<\/p><h3>How can I control cookie preferences?<\/h3><p>You can change your preferences at any time by clicking on the \u201cManage Consent\u201d tab on your screen. This will allow you to adjust your choices or withdraw consent entirely.<\/p><p>Additionally, you can configure your browser to block or delete cookies. For more information on how to manage and delete cookies, visit wikipedia.org or <a href=\"http:\/\/www.allaboutcookies.org\" target=\"_new\" rel=\"noopener\">www.allaboutcookies.org<\/a>.<\/p><p>In our<strong> <a href=\"https:\/\/oportowebdesign.com\/en\/politica-de-privacidade\/\">privacy policy page<\/a><\/strong> we supplement the information of the data collected on our website\u00a0<\/p><\/div>\t\t\t\t\t\t\t\t<\/div>\n\t\t\t\t\t<\/div>\n\t\t<\/div>\n\t\t\t\t\t<\/div>\n\t\t<\/section>\n\t\t\t\t<\/div>","protected":false},"excerpt":{"rendered":"<p>Acerca da Pol\u00edtica de Cookies Esta Pol\u00edtica de Cookies explica o que s\u00e3o cookies, como os utilizamos, os tipos de cookies que usamos, as informa\u00e7\u00f5es que recolhemos atrav\u00e9s deles e como essas informa\u00e7\u00f5es s\u00e3o utilizadas. Al\u00e9m disso, descrevemos como pode controlar as suas prefer\u00eancias de cookies. Para mais informa\u00e7\u00f5es sobre como utilizamos, armazenamos e mantemos [&hellip;]<\/p>\n","protected":false},"author":1,"featured_media":0,"parent":0,"menu_order":0,"comment_status":"closed","ping_status":"closed","template":"","meta":{"ocean_post_layout":"","ocean_both_sidebars_style":"","ocean_both_sidebars_content_width":0,"ocean_both_sidebars_sidebars_width":0,"ocean_sidebar":"","ocean_second_sidebar":"","ocean_disable_margins":"enable","ocean_add_body_class":"","ocean_shortcode_before_top_bar":"","ocean_shortcode_after_top_bar":"","ocean_shortcode_before_header":"","ocean_shortcode_after_header":"","ocean_has_shortcode":"","ocean_shortcode_after_title":"","ocean_shortcode_before_footer_widgets":"","ocean_shortcode_after_footer_widgets":"","ocean_shortcode_before_footer_bottom":"","ocean_shortcode_after_footer_bottom":"","ocean_display_top_bar":"default","ocean_display_header":"default","ocean_header_style":"","ocean_center_header_left_menu":"","ocean_custom_header_template":"","ocean_custom_logo":0,"ocean_custom_retina_logo":0,"ocean_custom_logo_max_width":0,"ocean_custom_logo_tablet_max_width":0,"ocean_custom_logo_mobile_max_width":0,"ocean_custom_logo_max_height":0,"ocean_custom_logo_tablet_max_height":0,"ocean_custom_logo_mobile_max_height":0,"ocean_header_custom_menu":"","ocean_menu_typo_font_family":"","ocean_menu_typo_font_subset":"","ocean_menu_typo_font_size":0,"ocean_menu_typo_font_size_tablet":0,"ocean_menu_typo_font_size_mobile":0,"ocean_menu_typo_font_size_unit":"px","ocean_menu_typo_font_weight":"","ocean_menu_typo_font_weight_tablet":"","ocean_menu_typo_font_weight_mobile":"","ocean_menu_typo_transform":"","ocean_menu_typo_transform_tablet":"","ocean_menu_typo_transform_mobile":"","ocean_menu_typo_line_height":0,"ocean_menu_typo_line_height_tablet":0,"ocean_menu_typo_line_height_mobile":0,"ocean_menu_typo_line_height_unit":"","ocean_menu_typo_spacing":0,"ocean_menu_typo_spacing_tablet":0,"ocean_menu_typo_spacing_mobile":0,"ocean_menu_typo_spacing_unit":"","ocean_menu_link_color":"","ocean_menu_link_color_hover":"","ocean_menu_link_color_active":"","ocean_menu_link_background":"","ocean_menu_link_hover_background":"","ocean_menu_link_active_background":"","ocean_menu_social_links_bg":"","ocean_menu_social_hover_links_bg":"","ocean_menu_social_links_color":"","ocean_menu_social_hover_links_color":"","ocean_disable_title":"default","ocean_disable_heading":"default","ocean_post_title":"","ocean_post_subheading":"","ocean_post_title_style":"","ocean_post_title_background_color":"","ocean_post_title_background":0,"ocean_post_title_bg_image_position":"","ocean_post_title_bg_image_attachment":"","ocean_post_title_bg_image_repeat":"","ocean_post_title_bg_image_size":"","ocean_post_title_height":0,"ocean_post_title_bg_overlay":0.5,"ocean_post_title_bg_overlay_color":"","ocean_disable_breadcrumbs":"default","ocean_breadcrumbs_color":"","ocean_breadcrumbs_separator_color":"","ocean_breadcrumbs_links_color":"","ocean_breadcrumbs_links_hover_color":"","ocean_display_footer_widgets":"default","ocean_display_footer_bottom":"default","ocean_custom_footer_template":"","footnotes":""},"class_list":["post-5845","page","type-page","status-publish","hentry","entry"],"yoast_head":"<!-- This site is optimized with the Yoast SEO plugin v27.5 - https:\/\/yoast.com\/product\/yoast-seo-wordpress\/ -->\n<title>Politica de Cookies &#8212; Oporto Webdesign \u2014 Cria\u00e7\u00e3o de websites e sistemas digitais para empresas<\/title>\n<meta name=\"description\" content=\"A nossa politica de coolies explica o que s\u00e3o cookies e como os utilizamos, os tipos que utilizamos, bem como as informa\u00e7\u00f5es que recolhemos\" \/>\n<meta name=\"robots\" content=\"index, follow, max-snippet:-1, max-image-preview:large, max-video-preview:-1\" \/>\n<link rel=\"canonical\" href=\"https:\/\/oportowebdesign.com\/en\/politica-de-cookies\/\" \/>\n<meta property=\"og:locale\" content=\"en_GB\" \/>\n<meta property=\"og:type\" content=\"article\" \/>\n<meta property=\"og:title\" content=\"Politica de Cookies &#8212; Oporto Webdesign \u2014 Cria\u00e7\u00e3o de websites e sistemas digitais para empresas\" \/>\n<meta property=\"og:description\" content=\"A nossa politica de coolies explica o que s\u00e3o cookies e como os utilizamos, os tipos que utilizamos, bem como as informa\u00e7\u00f5es que recolhemos\" \/>\n<meta property=\"og:url\" content=\"https:\/\/oportowebdesign.com\/en\/politica-de-cookies\/\" \/>\n<meta property=\"og:site_name\" content=\"Oporto Webdesign \u2014 Cria\u00e7\u00e3o de websites e sistemas digitais para empresas\" \/>\n<meta property=\"article:publisher\" content=\"https:\/\/www.facebook.com\/oportowebdesign\" \/>\n<meta property=\"article:modified_time\" content=\"2024-10-17T13:57:10+00:00\" \/>\n<meta property=\"og:image\" content=\"https:\/\/oportowebdesign.com\/wp-content\/uploads\/2023\/10\/cropped-logo-512x512-em-V.png\" \/>\n\t<meta property=\"og:image:width\" content=\"512\" \/>\n\t<meta property=\"og:image:height\" content=\"289\" \/>\n\t<meta property=\"og:image:type\" content=\"image\/png\" \/>\n<meta name=\"twitter:card\" content=\"summary_large_image\" \/>\n<meta name=\"twitter:label1\" content=\"Estimated reading time\" \/>\n\t<meta name=\"twitter:data1\" content=\"3 minutes\" \/>\n<script type=\"application\/ld+json\" class=\"yoast-schema-graph\">{\"@context\":\"https:\\\/\\\/schema.org\",\"@graph\":[{\"@type\":\"WebPage\",\"@id\":\"https:\\\/\\\/oportowebdesign.com\\\/politica-de-cookies\\\/\",\"url\":\"https:\\\/\\\/oportowebdesign.com\\\/politica-de-cookies\\\/\",\"name\":\"Politica de Cookies &#8212; Oporto Webdesign \u2014 Cria\u00e7\u00e3o de websites e sistemas digitais para empresas\",\"isPartOf\":{\"@id\":\"https:\\\/\\\/oportowebdesign.com\\\/#website\"},\"datePublished\":\"2024-08-08T17:29:50+00:00\",\"dateModified\":\"2024-10-17T13:57:10+00:00\",\"description\":\"A nossa politica de coolies explica o que s\u00e3o cookies e como os utilizamos, os tipos que utilizamos, bem como as informa\u00e7\u00f5es que recolhemos\",\"breadcrumb\":{\"@id\":\"https:\\\/\\\/oportowebdesign.com\\\/politica-de-cookies\\\/#breadcrumb\"},\"inLanguage\":\"en-GB\",\"potentialAction\":[{\"@type\":\"ReadAction\",\"target\":[\"https:\\\/\\\/oportowebdesign.com\\\/politica-de-cookies\\\/\"]}]},{\"@type\":\"BreadcrumbList\",\"@id\":\"https:\\\/\\\/oportowebdesign.com\\\/politica-de-cookies\\\/#breadcrumb\",\"itemListElement\":[{\"@type\":\"ListItem\",\"position\":1,\"name\":\"In\u00edcio\",\"item\":\"https:\\\/\\\/oportowebdesign.com\\\/\"},{\"@type\":\"ListItem\",\"position\":2,\"name\":\"Politica de Cookies\"}]},{\"@type\":\"WebSite\",\"@id\":\"https:\\\/\\\/oportowebdesign.com\\\/#website\",\"url\":\"https:\\\/\\\/oportowebdesign.com\\\/\",\"name\":\"Oporto Webdesign\",\"description\":\"Criamos websites profissionais, lojas online e sistemas digitais para empresas que querem crescer com mais presen\u00e7a, organiza\u00e7\u00e3o e efici\u00eancia.\",\"publisher\":{\"@id\":\"https:\\\/\\\/oportowebdesign.com\\\/#organization\"},\"potentialAction\":[{\"@type\":\"SearchAction\",\"target\":{\"@type\":\"EntryPoint\",\"urlTemplate\":\"https:\\\/\\\/oportowebdesign.com\\\/?s={search_term_string}\"},\"query-input\":{\"@type\":\"PropertyValueSpecification\",\"valueRequired\":true,\"valueName\":\"search_term_string\"}}],\"inLanguage\":\"en-GB\"},{\"@type\":\"Organization\",\"@id\":\"https:\\\/\\\/oportowebdesign.com\\\/#organization\",\"name\":\"Oporto Webdesign\",\"alternateName\":\"OportoWebdesign\",\"url\":\"https:\\\/\\\/oportowebdesign.com\\\/\",\"logo\":{\"@type\":\"ImageObject\",\"inLanguage\":\"en-GB\",\"@id\":\"https:\\\/\\\/oportowebdesign.com\\\/#\\\/schema\\\/logo\\\/image\\\/\",\"url\":\"https:\\\/\\\/oportowebdesign.com\\\/wp-content\\\/uploads\\\/2023\\\/10\\\/cropped-logo-512x512-em-V.png\",\"contentUrl\":\"https:\\\/\\\/oportowebdesign.com\\\/wp-content\\\/uploads\\\/2023\\\/10\\\/cropped-logo-512x512-em-V.png\",\"width\":512,\"height\":289,\"caption\":\"Oporto Webdesign\"},\"image\":{\"@id\":\"https:\\\/\\\/oportowebdesign.com\\\/#\\\/schema\\\/logo\\\/image\\\/\"},\"sameAs\":[\"https:\\\/\\\/www.facebook.com\\\/oportowebdesign\"]}]}<\/script>\n<!-- \/ Yoast SEO plugin. -->","yoast_head_json":{"title":"Politica de Cookies &#8212; Oporto Webdesign \u2014 Cria\u00e7\u00e3o de websites e sistemas digitais para empresas","description":"Our cookie policy explains what cookies are and how we use them, the types we use, and the information we collect.","robots":{"index":"index","follow":"follow","max-snippet":"max-snippet:-1","max-image-preview":"max-image-preview:large","max-video-preview":"max-video-preview:-1"},"canonical":"https:\/\/oportowebdesign.com\/en\/politica-de-cookies\/","og_locale":"en_GB","og_type":"article","og_title":"Politica de Cookies &#8212; Oporto Webdesign \u2014 Cria\u00e7\u00e3o de websites e sistemas digitais para empresas","og_description":"A nossa politica de coolies explica o que s\u00e3o cookies e como os utilizamos, os tipos que utilizamos, bem como as informa\u00e7\u00f5es que recolhemos","og_url":"https:\/\/oportowebdesign.com\/en\/politica-de-cookies\/","og_site_name":"Oporto Webdesign \u2014 Cria\u00e7\u00e3o de websites e sistemas digitais para empresas","article_publisher":"https:\/\/www.facebook.com\/oportowebdesign","article_modified_time":"2024-10-17T13:57:10+00:00","og_image":[{"width":512,"height":289,"url":"https:\/\/oportowebdesign.com\/wp-content\/uploads\/2023\/10\/cropped-logo-512x512-em-V.png","type":"image\/png"}],"twitter_card":"summary_large_image","twitter_misc":{"Estimated reading time":"3 minutes"},"schema":{"@context":"https:\/\/schema.org","@graph":[{"@type":"WebPage","@id":"https:\/\/oportowebdesign.com\/politica-de-cookies\/","url":"https:\/\/oportowebdesign.com\/politica-de-cookies\/","name":"Politica de Cookies &#8212; Oporto Webdesign \u2014 Cria\u00e7\u00e3o de websites e sistemas digitais para empresas","isPartOf":{"@id":"https:\/\/oportowebdesign.com\/#website"},"datePublished":"2024-08-08T17:29:50+00:00","dateModified":"2024-10-17T13:57:10+00:00","description":"Our cookie policy explains what cookies are and how we use them, the types we use, and the information we collect.","breadcrumb":{"@id":"https:\/\/oportowebdesign.com\/politica-de-cookies\/#breadcrumb"},"inLanguage":"en-GB","potentialAction":[{"@type":"ReadAction","target":["https:\/\/oportowebdesign.com\/politica-de-cookies\/"]}]},{"@type":"BreadcrumbList","@id":"https:\/\/oportowebdesign.com\/politica-de-cookies\/#breadcrumb","itemListElement":[{"@type":"ListItem","position":1,"name":"In\u00edcio","item":"https:\/\/oportowebdesign.com\/"},{"@type":"ListItem","position":2,"name":"Politica de Cookies"}]},{"@type":"WebSite","@id":"https:\/\/oportowebdesign.com\/#website","url":"https:\/\/oportowebdesign.com\/","name":"Oporto Webdesign","description":"Criamos websites profissionais, lojas online e sistemas digitais para empresas que querem crescer com mais presen\u00e7a, organiza\u00e7\u00e3o e efici\u00eancia.","publisher":{"@id":"https:\/\/oportowebdesign.com\/#organization"},"potentialAction":[{"@type":"SearchAction","target":{"@type":"EntryPoint","urlTemplate":"https:\/\/oportowebdesign.com\/?s={search_term_string}"},"query-input":{"@type":"PropertyValueSpecification","valueRequired":true,"valueName":"search_term_string"}}],"inLanguage":"en-GB"},{"@type":"Organization","@id":"https:\/\/oportowebdesign.com\/#organization","name":"Oporto Webdesign","alternateName":"OportoWebdesign","url":"https:\/\/oportowebdesign.com\/","logo":{"@type":"ImageObject","inLanguage":"en-GB","@id":"https:\/\/oportowebdesign.com\/#\/schema\/logo\/image\/","url":"https:\/\/oportowebdesign.com\/wp-content\/uploads\/2023\/10\/cropped-logo-512x512-em-V.png","contentUrl":"https:\/\/oportowebdesign.com\/wp-content\/uploads\/2023\/10\/cropped-logo-512x512-em-V.png","width":512,"height":289,"caption":"Oporto Webdesign"},"image":{"@id":"https:\/\/oportowebdesign.com\/#\/schema\/logo\/image\/"},"sameAs":["https:\/\/www.facebook.com\/oportowebdesign"]}]}},"_links":{"self":[{"href":"https:\/\/oportowebdesign.com\/en\/wp-json\/wp\/v2\/pages\/5845","targetHints":{"allow":["GET"]}}],"collection":[{"href":"https:\/\/oportowebdesign.com\/en\/wp-json\/wp\/v2\/pages"}],"about":[{"href":"https:\/\/oportowebdesign.com\/en\/wp-json\/wp\/v2\/types\/page"}],"author":[{"embeddable":true,"href":"https:\/\/oportowebdesign.com\/en\/wp-json\/wp\/v2\/users\/1"}],"replies":[{"embeddable":true,"href":"https:\/\/oportowebdesign.com\/en\/wp-json\/wp\/v2\/comments?post=5845"}],"version-history":[{"count":0,"href":"https:\/\/oportowebdesign.com\/en\/wp-json\/wp\/v2\/pages\/5845\/revisions"}],"wp:attachment":[{"href":"https:\/\/oportowebdesign.com\/en\/wp-json\/wp\/v2\/media?parent=5845"}],"curies":[{"name":"wp","href":"https:\/\/api.w.org\/{rel}","templated":true}]}}